{"id":58,"date":"2020-06-25T18:55:49","date_gmt":"2020-06-25T23:55:49","guid":{"rendered":"https:\/\/clientes.avsys.com.mx\/avsyshost\/?page_id=58"},"modified":"2022-08-26T17:00:38","modified_gmt":"2022-08-26T22:00:38","slug":"copyright","status":"publish","type":"page","link":"https:\/\/clientes.avsys.com.mx\/avsyshost\/copyright\/","title":{"rendered":"Copyright"},"content":{"rendered":"<p>[et_pb_section fb_built=&#8221;1&#8243; _builder_version=&#8221;4.16&#8243; _module_preset=&#8221;default&#8221; background_color=&#8221;#006e84&#8243; background_image=&#8221;https:\/\/clientes.avsys.com.mx\/avsyshost\/wp-content\/uploads\/2021\/02\/hosting-avsys-2.jpg&#8221; background_blend=&#8221;soft-light&#8221; global_colors_info=&#8221;{}&#8221; locked=&#8221;off&#8221;][et_pb_row _builder_version=&#8221;4.16&#8243; _module_preset=&#8221;default&#8221; custom_padding=&#8221;5px||5px||false|false&#8221; global_colors_info=&#8221;{}&#8221;][et_pb_column type=&#8221;4_4&#8243; _builder_version=&#8221;4.16&#8243; _module_preset=&#8221;default&#8221; global_colors_info=&#8221;{}&#8221;][et_pb_text _builder_version=&#8221;4.18.0&#8243; _module_preset=&#8221;default&#8221; header_font=&#8221;|700|||||||&#8221; header_text_align=&#8221;center&#8221; header_text_color=&#8221;#FFFFFF&#8221; custom_margin=&#8221;||3px|||&#8221; hover_enabled=&#8221;0&#8243; global_colors_info=&#8221;{}&#8221; sticky_enabled=&#8221;0&#8243;]<\/p>\n<h1>Copyright<\/h1>\n<p>[\/et_pb_text][\/et_pb_column][\/et_pb_row][\/et_pb_section][et_pb_section fb_built=&#8221;1&#8243; _builder_version=&#8221;4.16&#8243; global_colors_info=&#8221;{}&#8221;][et_pb_row _builder_version=&#8221;4.16&#8243; global_colors_info=&#8221;{}&#8221;][et_pb_column type=&#8221;4_4&#8243; _builder_version=&#8221;4.16&#8243; global_colors_info=&#8221;{}&#8221;][et_pb_text _builder_version=&#8221;4.18.0&#8243; hover_enabled=&#8221;0&#8243; global_colors_info=&#8221;{}&#8221; sticky_enabled=&#8221;0&#8243; text_font_size=&#8221;16px&#8221;]<\/p>\n<p><span style=\"color: #009ddc;\"><strong>Derechos Reservados<\/strong><\/span><\/p>\n<p>AVSYS DE M\u00c9XICO, S.A. DE C.V. pone a su disposici\u00f3n informaci\u00f3n; materiales y productos en este sitio, sujeto a los siguientes t\u00e9rminos y condiciones.<\/p>\n<p span=\"\" style=\"color: #009ddc;\"><strong>Al ingresar a nuestro sitio usted est\u00e1 de acuerdo con todos los t\u00e9rminos y condiciones que se definen en esta p\u00e1gina. AVSYS DE M\u00c9XICO, S.A. DE C.V. se reserva el derecho de cambiar estos t\u00e9rminos y condiciones cuando sea necesario. La informaci\u00f3n contenida en este sitio est\u00e1 protegida por derechos reservados.<\/strong><\/p>\n<p>Copyright \u00a9 2022 AVSYS DE M\u00c9XICO, S.A. DE C.V. Todos los derechos reservados.<\/p>\n<p>Excluyendo los permisos y licencias por escrito, ninguna de la informaci\u00f3n contenida en este sitio puede ser reproducida en cualquier forma o medio sin el permiso correspondiente de AVSYS DE M\u00c9XICO, S.A. DE C.V.<\/p>\n<p><span style=\"color: #009ddc;\"><strong>Uso del Software:\u00a0<\/strong><\/span>Ning\u00fan software se obtiene directamente de nuestro servidor, los \u201clinks\u201d que aparecen dentro de nuestro sitio son propiedad de cada uno de los fabricantes. Cualquier problema o desperfecto que se pudiera suscitar en la computadora del cliente y\/o terceras personas, est\u00e1 sujeto a las pol\u00edticas de responsabilidades del fabricante. Todos los derechos reservados del software pertenecen a sus respectivos fabricantes.<\/p>\n<p><span style=\"color: #009ddc;\"><strong>Uso de la informaci\u00f3n contenida en nuestro sitio:\u00a0<\/strong><\/span>A excepci\u00f3n de como se indica en otras partes de nuestro sitio usted puede ver, copiar, imprimir y distribuir los documentos disponibles en esta p\u00e1gina web, sujet\u00e1ndose a las siguientes condiciones:<\/p>\n<ol>\n<li>El documento puede ser utilizado para informaci\u00f3n personal y prop\u00f3sitos no comerciales.<\/li>\n<li>El documento y su informaci\u00f3n no pueden ser alterados o modificados en cualquier forma o medio.<\/li>\n<li>Cualquier copia del documento o porci\u00f3n de \u00e9l deben de incluir la leyenda: Copyright \u00a9 2022 AVSYS DE M\u00c9XICO, S.A. DE C.V. Todos los derechos reservados.<\/li>\n<\/ol>\n<p>AVSYS DE M\u00c9XICO, S.A. DE C.V. se reserva el derecho de revocar en cualquier momento dicha autorizaci\u00f3n. Los puntos especificados con anterioridad no incluyen el dise\u00f1o y el acomodo del sitio. Los elementos de este sitio, est\u00e1n protegidos por leyes de Propiedad Intelectual y otras leyes que proh\u00edben la copia total o parcial de este material.<\/p>\n<p>Este sitio puede tener algunas faltas de ortogr\u00e1ficas, mismas que ser\u00e1n corregidas peri\u00f3dicamente en cada actualizaci\u00f3n. A este sitio se puede ser acceder desde cualquier parte del mundo, se promueven productos y servicios que no necesariamente se ofrecen en otros pa\u00edses.<\/p>\n<p><span style=\"color: #009ddc;\"><strong>Informaci\u00f3n confidencial:<\/strong><\/span>\u00a0A excepci\u00f3n de su n\u00famero de tarjeta de cr\u00e9dito y datos personales, como nombre, tel\u00e9fono y correo electr\u00f3nico, AVSYS DE M\u00c9XICO, S.A. DE C.V.. no desea recibir mayor informaci\u00f3n que la necesaria para desempe\u00f1ar sus labores comerciales de informaci\u00f3n y de servicio al cliente.<\/p>\n<p>Cualquier comentario e informaci\u00f3n que se env\u00eda a AVSYS DE M\u00c9XICO, S.A. DE C.V. pasa a formar parte de nuestro criterio, independientemente si lo usamos o no, en nuestro sistema de trabajo. AVSYS DE M\u00c9XICO, S.A. DE C.V. no est\u00e1 obligado a publicar su nombre en sus materiales, cualquiera que sea su presentaci\u00f3n.<\/p>\n<p>AVSYS DE M\u00c9XICO, S.A. DE C.V. se declara una instituci\u00f3n neutra, no tiene favoritismos ni preferencias comerciales. AVSYS DE M\u00c9XICO, S.A. DE C.V. se declara libre para efectuar cualquier operaci\u00f3n comercial que se encuentre dentro del marco de las leyes mexicanas.<\/p>\n<p>[\/et_pb_text][\/et_pb_column][\/et_pb_row][\/et_pb_section][et_pb_section fb_built=&#8221;1&#8243; _builder_version=&#8221;4.16&#8243; _module_preset=&#8221;default&#8221; background_color=&#8221;#27282d&#8221; custom_padding=&#8221;50px||50px||true|false&#8221; saved_tabs=&#8221;all&#8221; global_colors_info=&#8221;{}&#8221; global_module=&#8221;664&#8243; theme_builder_area=&#8221;post_content&#8221;][et_pb_row column_structure=&#8221;1_4,1_4,1_4,1_4&#8243; make_equal=&#8221;on&#8221; _builder_version=&#8221;4.16&#8243; _module_preset=&#8221;default&#8221; custom_margin=&#8221;0px||0px||true|false&#8221; custom_padding=&#8221;0px||0px||true|false&#8221; global_colors_info=&#8221;{}&#8221; theme_builder_area=&#8221;post_content&#8221;][et_pb_column type=&#8221;1_4&#8243; _builder_version=&#8221;4.16&#8243; _module_preset=&#8221;default&#8221; global_colors_info=&#8221;{}&#8221; theme_builder_area=&#8221;post_content&#8221;][et_pb_image src=&#8221;https:\/\/clientes.avsys.com.mx\/avsyshost\/wp-content\/uploads\/2021\/02\/logo-avsys-mexico-gdl-bco.png&#8221; alt=&#8221;AVSYS&#8221; title_text=&#8221;AVSYS&#8221; _builder_version=&#8221;4.16&#8243; _module_preset=&#8221;default&#8221; global_colors_info=&#8221;{}&#8221; theme_builder_area=&#8221;post_content&#8221;][\/et_pb_image][et_pb_text _builder_version=&#8221;4.16&#8243; _module_preset=&#8221;default&#8221; text_text_color=&#8221;#8f9297&#8243; text_font_size=&#8221;15px&#8221; global_colors_info=&#8221;{}&#8221; theme_builder_area=&#8221;post_content&#8221;]<\/p>\n<p>El prop\u00f3sito de AVSYS\u00a0 es ofrecer un hosting de calidad, usando la mejor tecnolog\u00eda disponible en el mercado, a precio justo.<\/p>\n<p>[\/et_pb_text][\/et_pb_column][et_pb_column type=&#8221;1_4&#8243; _builder_version=&#8221;4.16&#8243; _module_preset=&#8221;default&#8221; global_colors_info=&#8221;{}&#8221; theme_builder_area=&#8221;post_content&#8221;][et_pb_text _builder_version=&#8221;4.16&#8243; _module_preset=&#8221;default&#8221; header_4_font=&#8221;|||on|||||&#8221; header_4_text_align=&#8221;left&#8221; header_4_text_color=&#8221;#FFFFFF&#8221; header_4_letter_spacing=&#8221;1px&#8221; custom_margin=&#8221;0px||0px||true|false&#8221; custom_padding=&#8221;0px||10px||false|false&#8221; global_colors_info=&#8221;{}&#8221; theme_builder_area=&#8221;post_content&#8221;]<\/p>\n<h4>Ubicaci\u00f3n<\/h4>\n<p>[\/et_pb_text][et_pb_text module_class=&#8221;link-soporte&#8221; _builder_version=&#8221;4.18.0&#8243; _module_preset=&#8221;default&#8221; text_text_color=&#8221;#8f9297&#8243; text_font_size=&#8221;15px&#8221; global_colors_info=&#8221;{}&#8221; theme_builder_area=&#8221;post_content&#8221;]<\/p>\n<p>Nebulosa 2916<br \/>Col. Jardines del Bosque<br \/>Guadalajara, Jalisco. M\u00e9xico<br \/>C.P. 44520<\/p>\n<p>Tel: 33-3496-5834<br \/>33-3330-9654<\/p>\n<p><a title=\"Contacto\" href=\"mailto:contacto@avsys.com.mx\">contacto@avsys.com.mx<\/a><\/p>\n<p>[\/et_pb_text][\/et_pb_column][et_pb_column type=&#8221;1_4&#8243; _builder_version=&#8221;4.16&#8243; _module_preset=&#8221;default&#8221; global_colors_info=&#8221;{}&#8221; theme_builder_area=&#8221;post_content&#8221;][et_pb_text _builder_version=&#8221;4.16&#8243; _module_preset=&#8221;default&#8221; header_4_font=&#8221;|||on|||||&#8221; header_4_text_align=&#8221;left&#8221; header_4_text_color=&#8221;#FFFFFF&#8221; header_4_letter_spacing=&#8221;1px&#8221; custom_margin=&#8221;0px||0px||true|false&#8221; custom_padding=&#8221;0px||10px||false|false&#8221; global_colors_info=&#8221;{}&#8221; theme_builder_area=&#8221;post_content&#8221;]<\/p>\n<h4>Soporte<\/h4>\n<p>[\/et_pb_text][et_pb_text module_class=&#8221;link-soporte&#8221; _builder_version=&#8221;4.16&#8243; _module_preset=&#8221;default&#8221; text_text_color=&#8221;#8f9297&#8243; text_font_size=&#8221;15px&#8221; background_layout=&#8221;dark&#8221; global_colors_info=&#8221;{}&#8221; theme_builder_area=&#8221;post_content&#8221;]<\/p>\n<p><a href=\"https:\/\/clientes.avsys.com.mx\/avsyshost\/soporte\/preguntas-frecuentes\" title=\"Preguntas Frecuentes\">Preguntas Frecuentes<\/a><br \/> <a href=\"https:\/\/clientes.avsys.com.mx\/avsyshost\/soporte\/glosario\" title=\"Glosario de T\u00e9rminos\">Glosario de T\u00e9rminos<\/a><br \/> <a href=\"https:\/\/clientes.avsys.com.mx\/avsyshost\/soporte\" title=\"Ticket de Soporte\">Ticket de Soporte<\/a><\/p>\n<p>[\/et_pb_text][\/et_pb_column][et_pb_column type=&#8221;1_4&#8243; _builder_version=&#8221;4.16&#8243; _module_preset=&#8221;default&#8221; border_width_left=&#8221;1px&#8221; border_color_left=&#8221;#8f9297&#8243; border_width_left_tablet=&#8221;0px&#8221; border_width_left_phone=&#8221;&#8221; border_width_left_last_edited=&#8221;on|phone&#8221; global_colors_info=&#8221;{}&#8221; theme_builder_area=&#8221;post_content&#8221;][et_pb_social_media_follow _builder_version=&#8221;4.16&#8243; _module_preset=&#8221;default&#8221; text_orientation=&#8221;center&#8221; global_colors_info=&#8221;{}&#8221; theme_builder_area=&#8221;post_content&#8221;][et_pb_social_media_follow_network social_network=&#8221;facebook&#8221; url=&#8221;https:\/\/www.facebook.com\/avsysmexico&#8221; icon_color=&#8221;#27282d&#8221; use_icon_font_size=&#8221;on&#8221; icon_font_size=&#8221;23px&#8221; _builder_version=&#8221;4.16&#8243; _module_preset=&#8221;default&#8221; background_color=&#8221;#FFFFFF&#8221; background_enable_color=&#8221;on&#8221; custom_margin=&#8221;|5px||5px|false|true&#8221; custom_padding=&#8221;||||false|false&#8221; border_radii=&#8221;on|25px|25px|25px|25px&#8221; global_colors_info=&#8221;{}&#8221; icon_color__hover_enabled=&#8221;on|hover&#8221; icon_color__hover=&#8221;#ffffff&#8221; background__hover_enabled=&#8221;on|hover&#8221; background_color__hover=&#8221;#009ddc&#8221; background_enable_color__hover=&#8221;on&#8221; theme_builder_area=&#8221;post_content&#8221; follow_button=&#8221;off&#8221; url_new_window=&#8221;on&#8221;]facebook[\/et_pb_social_media_follow_network][et_pb_social_media_follow_network social_network=&#8221;linkedin&#8221; icon_color=&#8221;#27282d&#8221; use_icon_font_size=&#8221;on&#8221; icon_font_size=&#8221;23px&#8221; _builder_version=&#8221;4.16&#8243; _module_preset=&#8221;default&#8221; background_color=&#8221;#FFFFFF&#8221; background_enable_color=&#8221;on&#8221; custom_margin=&#8221;|5px||5px|false|true&#8221; custom_padding=&#8221;||||false|false&#8221; border_radii=&#8221;on|25px|25px|25px|25px&#8221; global_colors_info=&#8221;{}&#8221; background_color__hover=&#8221;#009ddc&#8221; background__hover_enabled=&#8221;on|hover&#8221; background_enable_color__hover=&#8221;on&#8221; icon_color__hover=&#8221;#ffffff&#8221; icon_color__hover_enabled=&#8221;on|hover&#8221; theme_builder_area=&#8221;post_content&#8221; follow_button=&#8221;off&#8221; url_new_window=&#8221;on&#8221;]linkedin[\/et_pb_social_media_follow_network][\/et_pb_social_media_follow][\/et_pb_column][\/et_pb_row][\/et_pb_section]<\/p>\n","protected":false},"excerpt":{"rendered":"<p>CopyrightDerechos Reservados AVSYS DE M\u00c9XICO, S.A. DE C.V. pone a su disposici\u00f3n informaci\u00f3n; materiales y productos en este sitio, sujeto a los siguientes t\u00e9rminos y condiciones. Al ingresar a nuestro sitio usted est\u00e1 de acuerdo con todos los t\u00e9rminos y condiciones que se definen en esta p\u00e1gina. AVSYS DE M\u00c9XICO, S.A. DE C.V. se reserva [&hellip;]<\/p>\n","protected":false},"author":1,"featured_media":0,"parent":0,"menu_order":7,"comment_status":"closed","ping_status":"closed","template":"","meta":{"_et_pb_use_builder":"on","_et_pb_old_content":"<!-- wp:divi\/placeholder \/-->","_et_gb_content_width":"","footnotes":""},"class_list":["post-58","page","type-page","status-publish","hentry"],"yoast_head":"<!-- This site is optimized with the Yoast SEO plugin v27.5 - https:\/\/yoast.com\/product\/yoast-seo-wordpress\/ -->\n<title>Copyright - AVSYS de M\u00e9xico : Hosting WordPress con Divi : Correo Profesional IMAP<\/title>\n<meta name=\"robots\" content=\"noindex, follow, max-snippet:-1, max-image-preview:large, max-video-preview:-1\" \/>\n<meta property=\"og:locale\" content=\"es_MX\" \/>\n<meta property=\"og:type\" content=\"article\" \/>\n<meta property=\"og:title\" content=\"Copyright - AVSYS de M\u00e9xico : Hosting WordPress con Divi : Correo Profesional IMAP\" \/>\n<meta property=\"og:description\" content=\"CopyrightDerechos Reservados AVSYS DE M\u00c9XICO, S.A. DE C.V. pone a su disposici\u00f3n informaci\u00f3n; materiales y productos en este sitio, sujeto a los siguientes t\u00e9rminos y condiciones. Al ingresar a nuestro sitio usted est\u00e1 de acuerdo con todos los t\u00e9rminos y condiciones que se definen en esta p\u00e1gina. AVSYS DE M\u00c9XICO, S.A. DE C.V. se reserva [&hellip;]\" \/>\n<meta property=\"og:url\" content=\"https:\/\/clientes.avsys.com.mx\/avsyshost\/copyright\/\" \/>\n<meta property=\"og:site_name\" content=\"AVSYS de M\u00e9xico : Hosting WordPress con Divi : Correo Profesional IMAP\" \/>\n<meta property=\"article:modified_time\" content=\"2022-08-26T22:00:38+00:00\" \/>\n<meta name=\"twitter:card\" content=\"summary_large_image\" \/>\n<meta name=\"twitter:label1\" content=\"Tiempo de lectura\" \/>\n\t<meta name=\"twitter:data1\" content=\"7 minutos\" \/>\n<script type=\"application\/ld+json\" class=\"yoast-schema-graph\">{\"@context\":\"https:\\\/\\\/schema.org\",\"@graph\":[{\"@type\":\"WebPage\",\"@id\":\"https:\\\/\\\/clientes.avsys.com.mx\\\/avsyshost\\\/copyright\\\/\",\"url\":\"https:\\\/\\\/clientes.avsys.com.mx\\\/avsyshost\\\/copyright\\\/\",\"name\":\"Copyright - AVSYS de M\u00e9xico : Hosting WordPress con Divi : Correo Profesional IMAP\",\"isPartOf\":{\"@id\":\"https:\\\/\\\/clientes.avsys.com.mx\\\/avsyshost\\\/#website\"},\"datePublished\":\"2020-06-25T23:55:49+00:00\",\"dateModified\":\"2022-08-26T22:00:38+00:00\",\"breadcrumb\":{\"@id\":\"https:\\\/\\\/clientes.avsys.com.mx\\\/avsyshost\\\/copyright\\\/#breadcrumb\"},\"inLanguage\":\"es\",\"potentialAction\":[{\"@type\":\"ReadAction\",\"target\":[\"https:\\\/\\\/clientes.avsys.com.mx\\\/avsyshost\\\/copyright\\\/\"]}]},{\"@type\":\"BreadcrumbList\",\"@id\":\"https:\\\/\\\/clientes.avsys.com.mx\\\/avsyshost\\\/copyright\\\/#breadcrumb\",\"itemListElement\":[{\"@type\":\"ListItem\",\"position\":1,\"name\":\"Inicio\",\"item\":\"https:\\\/\\\/clientes.avsys.com.mx\\\/avsyshost\\\/\"},{\"@type\":\"ListItem\",\"position\":2,\"name\":\"Copyright\"}]},{\"@type\":\"WebSite\",\"@id\":\"https:\\\/\\\/clientes.avsys.com.mx\\\/avsyshost\\\/#website\",\"url\":\"https:\\\/\\\/clientes.avsys.com.mx\\\/avsyshost\\\/\",\"name\":\"AVSYS de M\u00e9xico : Hosting WordPress con Divi : Correo Profesional IMAP\",\"description\":\"Hosting WordPress con Divi en Espa\u00f1ol\",\"potentialAction\":[{\"@type\":\"SearchAction\",\"target\":{\"@type\":\"EntryPoint\",\"urlTemplate\":\"https:\\\/\\\/clientes.avsys.com.mx\\\/avsyshost\\\/?s={search_term_string}\"},\"query-input\":{\"@type\":\"PropertyValueSpecification\",\"valueRequired\":true,\"valueName\":\"search_term_string\"}}],\"inLanguage\":\"es\"}]}<\/script>\n<!-- \/ Yoast SEO plugin. -->","yoast_head_json":{"title":"Copyright - AVSYS de M\u00e9xico : Hosting WordPress con Divi : Correo Profesional IMAP","robots":{"index":"noindex","follow":"follow","max-snippet":"max-snippet:-1","max-image-preview":"max-image-preview:large","max-video-preview":"max-video-preview:-1"},"og_locale":"es_MX","og_type":"article","og_title":"Copyright - AVSYS de M\u00e9xico : Hosting WordPress con Divi : Correo Profesional IMAP","og_description":"CopyrightDerechos Reservados AVSYS DE M\u00c9XICO, S.A. DE C.V. pone a su disposici\u00f3n informaci\u00f3n; materiales y productos en este sitio, sujeto a los siguientes t\u00e9rminos y condiciones. Al ingresar a nuestro sitio usted est\u00e1 de acuerdo con todos los t\u00e9rminos y condiciones que se definen en esta p\u00e1gina. AVSYS DE M\u00c9XICO, S.A. DE C.V. se reserva [&hellip;]","og_url":"https:\/\/clientes.avsys.com.mx\/avsyshost\/copyright\/","og_site_name":"AVSYS de M\u00e9xico : Hosting WordPress con Divi : Correo Profesional IMAP","article_modified_time":"2022-08-26T22:00:38+00:00","twitter_card":"summary_large_image","twitter_misc":{"Tiempo de lectura":"7 minutos"},"schema":{"@context":"https:\/\/schema.org","@graph":[{"@type":"WebPage","@id":"https:\/\/clientes.avsys.com.mx\/avsyshost\/copyright\/","url":"https:\/\/clientes.avsys.com.mx\/avsyshost\/copyright\/","name":"Copyright - AVSYS de M\u00e9xico : Hosting WordPress con Divi : Correo Profesional IMAP","isPartOf":{"@id":"https:\/\/clientes.avsys.com.mx\/avsyshost\/#website"},"datePublished":"2020-06-25T23:55:49+00:00","dateModified":"2022-08-26T22:00:38+00:00","breadcrumb":{"@id":"https:\/\/clientes.avsys.com.mx\/avsyshost\/copyright\/#breadcrumb"},"inLanguage":"es","potentialAction":[{"@type":"ReadAction","target":["https:\/\/clientes.avsys.com.mx\/avsyshost\/copyright\/"]}]},{"@type":"BreadcrumbList","@id":"https:\/\/clientes.avsys.com.mx\/avsyshost\/copyright\/#breadcrumb","itemListElement":[{"@type":"ListItem","position":1,"name":"Inicio","item":"https:\/\/clientes.avsys.com.mx\/avsyshost\/"},{"@type":"ListItem","position":2,"name":"Copyright"}]},{"@type":"WebSite","@id":"https:\/\/clientes.avsys.com.mx\/avsyshost\/#website","url":"https:\/\/clientes.avsys.com.mx\/avsyshost\/","name":"AVSYS de M\u00e9xico : Hosting WordPress con Divi : Correo Profesional IMAP","description":"Hosting WordPress con Divi en Espa\u00f1ol","potentialAction":[{"@type":"SearchAction","target":{"@type":"EntryPoint","urlTemplate":"https:\/\/clientes.avsys.com.mx\/avsyshost\/?s={search_term_string}"},"query-input":{"@type":"PropertyValueSpecification","valueRequired":true,"valueName":"search_term_string"}}],"inLanguage":"es"}]}},"_links":{"self":[{"href":"https:\/\/clientes.avsys.com.mx\/avsyshost\/wp-json\/wp\/v2\/pages\/58","targetHints":{"allow":["GET"]}}],"collection":[{"href":"https:\/\/clientes.avsys.com.mx\/avsyshost\/wp-json\/wp\/v2\/pages"}],"about":[{"href":"https:\/\/clientes.avsys.com.mx\/avsyshost\/wp-json\/wp\/v2\/types\/page"}],"author":[{"embeddable":true,"href":"https:\/\/clientes.avsys.com.mx\/avsyshost\/wp-json\/wp\/v2\/users\/1"}],"replies":[{"embeddable":true,"href":"https:\/\/clientes.avsys.com.mx\/avsyshost\/wp-json\/wp\/v2\/comments?post=58"}],"version-history":[{"count":2,"href":"https:\/\/clientes.avsys.com.mx\/avsyshost\/wp-json\/wp\/v2\/pages\/58\/revisions"}],"predecessor-version":[{"id":1206,"href":"https:\/\/clientes.avsys.com.mx\/avsyshost\/wp-json\/wp\/v2\/pages\/58\/revisions\/1206"}],"wp:attachment":[{"href":"https:\/\/clientes.avsys.com.mx\/avsyshost\/wp-json\/wp\/v2\/media?parent=58"}],"curies":[{"name":"wp","href":"https:\/\/api.w.org\/{rel}","templated":true}]}}