{"id":288,"date":"2021-01-22T17:51:18","date_gmt":"2021-01-22T23:51:18","guid":{"rendered":"https:\/\/clientes.avsys.com.mx\/avsyshost\/?page_id=288"},"modified":"2022-08-24T17:08:13","modified_gmt":"2022-08-24T22:08:13","slug":"soporte","status":"publish","type":"page","link":"https:\/\/clientes.avsys.com.mx\/avsyshost\/soporte\/","title":{"rendered":"Soporte"},"content":{"rendered":"<p>[et_pb_section fb_built=&#8221;1&#8243; _builder_version=&#8221;4.16&#8243; _module_preset=&#8221;default&#8221; background_color=&#8221;#006e84&#8243; background_image=&#8221;https:\/\/clientes.avsys.com.mx\/avsyshost\/wp-content\/uploads\/2021\/02\/hosting-avsys-2.jpg&#8221; background_blend=&#8221;soft-light&#8221; global_colors_info=&#8221;{}&#8221;][et_pb_row _builder_version=&#8221;4.16&#8243; _module_preset=&#8221;default&#8221; custom_padding=&#8221;5px||5px||false|false&#8221; global_colors_info=&#8221;{}&#8221;][et_pb_column type=&#8221;4_4&#8243; _builder_version=&#8221;4.16&#8243; _module_preset=&#8221;default&#8221; global_colors_info=&#8221;{}&#8221;][et_pb_text _builder_version=&#8221;4.18.0&#8243; _module_preset=&#8221;default&#8221; header_font=&#8221;|700|||||||&#8221; header_text_align=&#8221;center&#8221; header_text_color=&#8221;#FFFFFF&#8221; custom_margin=&#8221;||3px|||&#8221; global_colors_info=&#8221;{}&#8221;]<\/p>\n<h1>Soporte T\u00e9cnico<\/h1>\n<p>[\/et_pb_text][et_pb_text _builder_version=&#8221;4.18.0&#8243; _module_preset=&#8221;default&#8221; header_2_text_align=&#8221;center&#8221; header_2_text_color=&#8221;#FFFFFF&#8221; header_2_font_size=&#8221;20px&#8221; header_2_line_height_tablet=&#8221;&#8221; header_2_line_height_phone=&#8221;1.4em&#8221; header_2_line_height_last_edited=&#8221;on|phone&#8221; global_colors_info=&#8221;{}&#8221;]<\/p>\n<h2>Atenci\u00f3n especializada para tu empresas <\/h2>\n<p>[\/et_pb_text][\/et_pb_column][\/et_pb_row][\/et_pb_section][et_pb_section fb_built=&#8221;1&#8243; _builder_version=&#8221;4.18.0&#8243; _module_preset=&#8221;default&#8221; background_image=&#8221;https:\/\/clientes.avsys.com.mx\/avsyshost\/wp-content\/uploads\/2022\/08\/back-soporte.jpg&#8221; background_enable_mask_style=&#8221;on&#8221; background_mask_transform=&#8221;flip_vertical&#8221; hover_enabled=&#8221;0&#8243; global_colors_info=&#8221;{}&#8221; sticky_enabled=&#8221;0&#8243; background_last_edited=&#8221;on|phone&#8221; background_enable_image_phone=&#8221;off&#8221;][et_pb_row column_structure=&#8221;1_2,1_2&#8243; _builder_version=&#8221;4.18.0&#8243; _module_preset=&#8221;default&#8221; global_colors_info=&#8221;{}&#8221;][et_pb_column type=&#8221;1_2&#8243; _builder_version=&#8221;4.18.0&#8243; _module_preset=&#8221;default&#8221; global_colors_info=&#8221;{}&#8221;][et_pb_text _builder_version=&#8221;4.18.0&#8243; _module_preset=&#8221;default&#8221; header_font=&#8221;|700|||||||&#8221; header_text_align=&#8221;center&#8221; header_text_color=&#8221;#009ddd&#8221; header_2_font=&#8221;|700|||||||&#8221; header_2_text_align=&#8221;left&#8221; header_2_text_color=&#8221;#009ddd&#8221; header_2_font_size=&#8221;30px&#8221; header_2_line_height=&#8221;1.2em&#8221; custom_margin=&#8221;||||true|false&#8221; custom_padding=&#8221;||||true|false&#8221; header_line_height_tablet=&#8221;&#8221; header_line_height_phone=&#8221;1.2em&#8221; header_line_height_last_edited=&#8221;on|desktop&#8221; header_2_text_align_tablet=&#8221;left&#8221; header_2_text_align_phone=&#8221;center&#8221; header_2_text_align_last_edited=&#8221;on|phone&#8221; locked=&#8221;off&#8221; global_colors_info=&#8221;{}&#8221;]<\/p>\n<h2>Nuestro equipo de profesionales te brindara un servicio personalizado.<\/h2>\n<p>[\/et_pb_text][et_pb_text _builder_version=&#8221;4.18.0&#8243; _module_preset=&#8221;default&#8221; text_text_color=&#8221;#666666&#8243; text_font_size=&#8221;20px&#8221; header_2_text_align=&#8221;center&#8221; header_2_text_color=&#8221;#666666&#8243; header_2_font_size=&#8221;18px&#8221; header_2_line_height=&#8221;1.4em&#8221; width_tablet=&#8221;&#8221; width_phone=&#8221;100%&#8221; width_last_edited=&#8221;on|phone&#8221; max_width_tablet=&#8221;&#8221; max_width_phone=&#8221;100%&#8221; max_width_last_edited=&#8221;on|phone&#8221; module_alignment=&#8221;center&#8221; custom_margin=&#8221;||||true|false&#8221; custom_padding=&#8221;||||true|false&#8221; text_orientation_tablet=&#8221;&#8221; text_orientation_phone=&#8221;center&#8221; text_orientation_last_edited=&#8221;on|phone&#8221; locked=&#8221;off&#8221; global_colors_info=&#8221;{}&#8221;]En AVSYS nos interesa ayudarte con un soporte t\u00e9cnico de calidad, para ello es necesario que al utilizar nuestro sistema, proporciones a detalle toda la informaci\u00f3n posible para poder resolver el problema.<\/p>\n<p>\u2022 Hosting<br \/>\n\u2022 Servidor Privado Virtual<br \/>\n\u2022 Correo[\/et_pb_text][et_pb_button button_url=&#8221;@ET-DC@eyJkeW5hbWljIjp0cnVlLCJjb250ZW50IjoicG9zdF9saW5rX3VybF9wYWdlIiwic2V0dGluZ3MiOnsicG9zdF9pZCI6IjI5OCJ9fQ==@&#8221; button_text=&#8221;Preguntas Frecuentes&#8221; button_alignment_tablet=&#8221;&#8221; button_alignment_phone=&#8221;center&#8221; button_alignment_last_edited=&#8221;on|phone&#8221; _builder_version=&#8221;4.18.0&#8243; _dynamic_attributes=&#8221;button_url&#8221; _module_preset=&#8221;default&#8221; custom_button=&#8221;on&#8221; custom_padding=&#8221;|50px||50px|false|false&#8221; custom_padding_tablet=&#8221;|50px||50px|false|false&#8221; custom_padding_phone=&#8221;|45px||45px|false|false&#8221; custom_padding_last_edited=&#8221;on|phone&#8221; button_text_size_tablet=&#8221;&#8221; button_text_size_phone=&#8221;18px&#8221; button_text_size_last_edited=&#8221;on|phone&#8221; button_border_width_tablet=&#8221;&#8221; button_border_width_phone=&#8221;&#8221; button_border_width_last_edited=&#8221;on|phone&#8221; global_colors_info=&#8221;{}&#8221;][\/et_pb_button][et_pb_button button_url=&#8221;@ET-DC@eyJkeW5hbWljIjp0cnVlLCJjb250ZW50IjoicG9zdF9saW5rX3VybF9wYWdlIiwic2V0dGluZ3MiOnsicG9zdF9pZCI6IjMwMCJ9fQ==@&#8221; button_text=&#8221;Glosario de T\u00e9rminos&#8221; button_alignment_tablet=&#8221;&#8221; button_alignment_phone=&#8221;center&#8221; button_alignment_last_edited=&#8221;on|phone&#8221; _builder_version=&#8221;4.18.0&#8243; _dynamic_attributes=&#8221;button_url&#8221; _module_preset=&#8221;default&#8221; custom_button=&#8221;on&#8221; custom_padding=&#8221;|53px||53px|false|false&#8221; custom_padding_tablet=&#8221;|53px||53px|false|false&#8221; custom_padding_phone=&#8221;|48px||48px|false|false&#8221; custom_padding_last_edited=&#8221;on|phone&#8221; button_text_size_tablet=&#8221;&#8221; button_text_size_phone=&#8221;18px&#8221; button_text_size_last_edited=&#8221;on|phone&#8221; button_border_width_tablet=&#8221;&#8221; button_border_width_phone=&#8221;&#8221; button_border_width_last_edited=&#8221;on|phone&#8221; global_colors_info=&#8221;{}&#8221;][\/et_pb_button][et_pb_button button_url=&#8221;@ET-DC@eyJkeW5hbWljIjp0cnVlLCJjb250ZW50IjoicG9zdF9saW5rX3VybF9wYWdlIiwic2V0dGluZ3MiOnsicG9zdF9pZCI6IjI4OCJ9fQ==@&#8221; button_text=&#8221;Levantar Ticket de Soporte&#8221; button_alignment_tablet=&#8221;&#8221; button_alignment_phone=&#8221;center&#8221; button_alignment_last_edited=&#8221;on|phone&#8221; _builder_version=&#8221;4.18.0&#8243; _dynamic_attributes=&#8221;button_url&#8221; _module_preset=&#8221;default&#8221; custom_button=&#8221;on&#8221; custom_padding=&#8221;|28px||28px|false|false&#8221; custom_padding_tablet=&#8221;|28px||28px|false|false&#8221; custom_padding_phone=&#8221;|26px||26px|false|false&#8221; custom_padding_last_edited=&#8221;on|phone&#8221; button_text_size_tablet=&#8221;&#8221; button_text_size_phone=&#8221;18px&#8221; button_text_size_last_edited=&#8221;on|phone&#8221; button_border_width_tablet=&#8221;&#8221; button_border_width_phone=&#8221;&#8221; button_border_width_last_edited=&#8221;on|phone&#8221; global_colors_info=&#8221;{}&#8221;][\/et_pb_button][\/et_pb_column][et_pb_column type=&#8221;1_2&#8243; _builder_version=&#8221;4.18.0&#8243; _module_preset=&#8221;default&#8221; global_colors_info=&#8221;{}&#8221;][\/et_pb_column][\/et_pb_row][\/et_pb_section][et_pb_section fb_built=&#8221;1&#8243; prev_background_color=&#8221;#ffffff&#8221; _builder_version=&#8221;4.18.0&#8243; _module_preset=&#8221;default&#8221; background_enable_color=&#8221;off&#8221; use_background_color_gradient=&#8221;on&#8221; background_color_gradient_stops=&#8221;#2b87da 0%|#063b89 100%&#8221; background_color_gradient_end=&#8221;#063b89&#8243; background_image=&#8221;https:\/\/clientes.avsys.com.mx\/avsyshost\/wp-content\/uploads\/2021\/02\/cambiate-con-nosotros.jpg&#8221; background_blend=&#8221;multiply&#8221; custom_padding=&#8221;50px||0px||false|false&#8221; top_divider_style=&#8221;triangle&#8221; top_divider_height=&#8221;32px&#8221; top_divider_flip=&#8221;vertical&#8221; background_color_gradient_stops_tablet=&#8221;#2b87da 0%|#063b89 100%&#8221; background_color_gradient_stops_phone=&#8221;#2b87da 0%|#063b89 100%&#8221; locked=&#8221;off&#8221; global_colors_info=&#8221;{}&#8221;][et_pb_row column_structure=&#8221;1_3,2_3&#8243; _builder_version=&#8221;4.16&#8243; _module_preset=&#8221;default&#8221; background_enable_image=&#8221;off&#8221; background_size=&#8221;contain&#8221; background_position=&#8221;top_left&#8221; custom_padding=&#8221;0px||0px||false|false&#8221; global_colors_info=&#8221;{}&#8221;][et_pb_column type=&#8221;1_3&#8243; _builder_version=&#8221;4.16&#8243; _module_preset=&#8221;default&#8221; global_colors_info=&#8221;{}&#8221;][et_pb_image src=&#8221;https:\/\/clientes.avsys.com.mx\/avsyshost\/wp-content\/uploads\/2021\/02\/chito-02.png&#8221; title_text=&#8221;chito-02&#8243; align_tablet=&#8221;center&#8221; align_phone=&#8221;center&#8221; align_last_edited=&#8221;on|desktop&#8221; _builder_version=&#8221;4.16&#8243; _module_preset=&#8221;default&#8221; width=&#8221;80%&#8221; width_tablet=&#8221;35%&#8221; width_phone=&#8221;&#8221; width_last_edited=&#8221;on|tablet&#8221; global_colors_info=&#8221;{}&#8221;][\/et_pb_image][\/et_pb_column][et_pb_column type=&#8221;2_3&#8243; _builder_version=&#8221;4.16&#8243; _module_preset=&#8221;default&#8221; global_colors_info=&#8221;{}&#8221;][et_pb_text _builder_version=&#8221;4.18.0&#8243; _module_preset=&#8221;default&#8221; text_text_color=&#8221;#FFFFFF&#8221; text_font_size=&#8221;18px&#8221; header_text_align=&#8221;right&#8221; header_2_text_align=&#8221;right&#8221; header_2_text_color=&#8221;#FFFFFF&#8221; header_2_font_size=&#8221;30px&#8221; text_orientation=&#8221;right&#8221; custom_margin=&#8221;||0px||false|false&#8221; custom_padding=&#8221;||0px||false|false&#8221; header_2_text_align_tablet=&#8221;right&#8221; header_2_text_align_phone=&#8221;center&#8221; header_2_text_align_last_edited=&#8221;on|phone&#8221; text_orientation_tablet=&#8221;center&#8221; text_orientation_phone=&#8221;&#8221; text_orientation_last_edited=&#8221;on|phone&#8221; global_colors_info=&#8221;{}&#8221;]<\/p>\n<h2 class=\"lessmb\">Horarios de Atenci\u00f3n<\/h2>\n<p>[\/et_pb_text][et_pb_text _builder_version=&#8221;4.18.0&#8243; _module_preset=&#8221;default&#8221; text_text_color=&#8221;#FFFFFF&#8221; text_font_size=&#8221;20px&#8221; text_orientation=&#8221;right&#8221; text_orientation_tablet=&#8221;right&#8221; text_orientation_phone=&#8221;center&#8221; text_orientation_last_edited=&#8221;on|phone&#8221; global_colors_info=&#8221;{}&#8221;]<\/p>\n<p><strong>unes a Viernes de<\/strong>: 9:00 a 15:00 y 16:00 a 18:00 h<br \/><strong>S\u00e1bado de:<\/strong> 9:00 a 13:00 h<\/p>\n<p><strong>Vacaciones de Invierno:<\/strong> 24 de Diciembre al 1 de Enero.<\/p>\n<p><strong>Puedes llamar por tel\u00e9fono al:<\/strong> (33) 3330-9654 o<br \/>mandar un correo directamente a: <span style=\"color: #00ffff;\"><a href=\"mailto:soporte@avsys.com.mx\" style=\"color: #00ffff;\">soporte@avsys.com.mx<\/a><br \/><\/span>donde te atenderemos a la brevedad posible.<\/p>\n<p>[\/et_pb_text][et_pb_button button_url=&#8221;@ET-DC@eyJkeW5hbWljIjp0cnVlLCJjb250ZW50IjoicG9zdF9saW5rX3VybF9wYWdlIiwic2V0dGluZ3MiOnsicG9zdF9pZCI6IjU2In19@&#8221; button_text=&#8221;Cont\u00e1ctanos&#8221; button_alignment=&#8221;right&#8221; button_alignment_tablet=&#8221;center&#8221; button_alignment_phone=&#8221;center&#8221; button_alignment_last_edited=&#8221;on|phone&#8221; _builder_version=&#8221;4.16&#8243; _dynamic_attributes=&#8221;button_url&#8221; _module_preset=&#8221;default&#8221; custom_margin=&#8221;||40px||false|false&#8221; custom_padding=&#8221;||||false|false&#8221; global_colors_info=&#8221;{}&#8221;][\/et_pb_button][\/et_pb_column][\/et_pb_row][\/et_pb_section][et_pb_section fb_built=&#8221;1&#8243; _builder_version=&#8221;4.8.2&#8243; _module_preset=&#8221;default&#8221; background_color=&#8221;#27282d&#8221; custom_padding=&#8221;50px||50px||true|false&#8221; global_module=&#8221;664&#8243; saved_tabs=&#8221;all&#8221; global_colors_info=&#8221;{}&#8221;][et_pb_row column_structure=&#8221;1_4,1_4,1_4,1_4&#8243; make_equal=&#8221;on&#8221; _builder_version=&#8221;4.16&#8243; _module_preset=&#8221;default&#8221; custom_margin=&#8221;0px||0px||true|false&#8221; custom_padding=&#8221;0px||0px||true|false&#8221; global_colors_info=&#8221;{}&#8221;][et_pb_column type=&#8221;1_4&#8243; _builder_version=&#8221;4.16&#8243; _module_preset=&#8221;default&#8221; global_colors_info=&#8221;{}&#8221;][et_pb_image src=&#8221;https:\/\/clientes.avsys.com.mx\/avsyshost\/wp-content\/uploads\/2021\/02\/logo-avsys-mexico-gdl-bco.png&#8221; alt=&#8221;AVSYS&#8221; title_text=&#8221;AVSYS&#8221; _builder_version=&#8221;4.16&#8243; _module_preset=&#8221;default&#8221; global_colors_info=&#8221;{}&#8221;][\/et_pb_image][et_pb_text _builder_version=&#8221;4.16&#8243; _module_preset=&#8221;default&#8221; text_text_color=&#8221;#8f9297&#8243; text_font_size=&#8221;15px&#8221; global_colors_info=&#8221;{}&#8221;]<\/p>\n<p>El prop\u00f3sito de AVSYS\u00a0 es ofrecer un hosting de calidad, usando la mejor tecnolog\u00eda disponible en el mercado, a precio justo.<\/p>\n<p>[\/et_pb_text][\/et_pb_column][et_pb_column type=&#8221;1_4&#8243; _builder_version=&#8221;4.16&#8243; _module_preset=&#8221;default&#8221; global_colors_info=&#8221;{}&#8221;][et_pb_text _builder_version=&#8221;4.16&#8243; _module_preset=&#8221;default&#8221; header_4_font=&#8221;|||on|||||&#8221; header_4_text_align=&#8221;left&#8221; header_4_text_color=&#8221;#FFFFFF&#8221; header_4_letter_spacing=&#8221;1px&#8221; custom_margin=&#8221;0px||0px||true|false&#8221; custom_padding=&#8221;0px||10px||false|false&#8221; global_colors_info=&#8221;{}&#8221;]<\/p>\n<h4>Ubicaci\u00f3n<\/h4>\n<p>[\/et_pb_text][et_pb_text module_class=&#8221;link-soporte&#8221; _builder_version=&#8221;4.16&#8243; _module_preset=&#8221;default&#8221; text_text_color=&#8221;#8f9297&#8243; text_font_size=&#8221;15px&#8221; global_colors_info=&#8221;{}&#8221;]<\/p>\n<p>Miguel Lerdo de Tejada<br \/> No. 2020 Int. 10 Col. Lafayette<br \/> Guadalajara, Jalisco. M\u00e9xico<br \/> C.P. 44150<\/p>\n<p>Tel: 33-3330-9654<\/p>\n<p><a href=\"mailto:contacto@avsys.com.mx\" title=\"Contacto\">contacto@avsys.com.mx<\/a><\/p>\n<p>[\/et_pb_text][\/et_pb_column][et_pb_column type=&#8221;1_4&#8243; _builder_version=&#8221;4.16&#8243; _module_preset=&#8221;default&#8221; global_colors_info=&#8221;{}&#8221;][et_pb_text _builder_version=&#8221;4.16&#8243; _module_preset=&#8221;default&#8221; header_4_font=&#8221;|||on|||||&#8221; header_4_text_align=&#8221;left&#8221; header_4_text_color=&#8221;#FFFFFF&#8221; header_4_letter_spacing=&#8221;1px&#8221; custom_margin=&#8221;0px||0px||true|false&#8221; custom_padding=&#8221;0px||10px||false|false&#8221; global_colors_info=&#8221;{}&#8221;]<\/p>\n<h4>Soporte<\/h4>\n<p>[\/et_pb_text][et_pb_text module_class=&#8221;link-soporte&#8221; _builder_version=&#8221;4.16&#8243; _module_preset=&#8221;default&#8221; text_text_color=&#8221;#8f9297&#8243; text_font_size=&#8221;15px&#8221; background_layout=&#8221;dark&#8221; global_colors_info=&#8221;{}&#8221;]<\/p>\n<p><a href=\"https:\/\/clientes.avsys.com.mx\/avsyshost\/soporte\/preguntas-frecuentes\" title=\"Preguntas Frecuentes\">Preguntas Frecuentes<\/a><br \/> <a href=\"https:\/\/clientes.avsys.com.mx\/avsyshost\/soporte\/glosario\" title=\"Glosario de T\u00e9rminos\">Glosario de T\u00e9rminos<\/a><br \/> <a href=\"https:\/\/clientes.avsys.com.mx\/avsyshost\/soporte\" title=\"Ticket de Soporte\">Ticket de Soporte<\/a><\/p>\n<p>[\/et_pb_text][\/et_pb_column][et_pb_column type=&#8221;1_4&#8243; _builder_version=&#8221;4.16&#8243; _module_preset=&#8221;default&#8221; border_width_left=&#8221;1px&#8221; border_color_left=&#8221;#8f9297&#8243; border_width_left_tablet=&#8221;0px&#8221; border_width_left_phone=&#8221;&#8221; border_width_left_last_edited=&#8221;on|phone&#8221; global_colors_info=&#8221;{}&#8221;][et_pb_social_media_follow _builder_version=&#8221;4.16&#8243; _module_preset=&#8221;default&#8221; text_orientation=&#8221;center&#8221; global_colors_info=&#8221;{}&#8221;][et_pb_social_media_follow_network social_network=&#8221;facebook&#8221; url=&#8221;https:\/\/www.facebook.com\/avsysmexico&#8221; icon_color=&#8221;#27282d&#8221; use_icon_font_size=&#8221;on&#8221; icon_font_size=&#8221;23px&#8221; _builder_version=&#8221;4.16&#8243; _module_preset=&#8221;default&#8221; background_color=&#8221;#FFFFFF&#8221; background_enable_color=&#8221;on&#8221; custom_margin=&#8221;|5px||5px|false|true&#8221; custom_padding=&#8221;||||false|false&#8221; border_radii=&#8221;on|25px|25px|25px|25px&#8221; global_colors_info=&#8221;{}&#8221; icon_color__hover_enabled=&#8221;on|hover&#8221; icon_color__hover=&#8221;#ffffff&#8221; background__hover_enabled=&#8221;on|hover&#8221; background_color__hover=&#8221;#009ddc&#8221; background_enable_color__hover=&#8221;on&#8221; follow_button=&#8221;off&#8221; url_new_window=&#8221;on&#8221;]facebook[\/et_pb_social_media_follow_network][et_pb_social_media_follow_network social_network=&#8221;linkedin&#8221; icon_color=&#8221;#27282d&#8221; use_icon_font_size=&#8221;on&#8221; icon_font_size=&#8221;23px&#8221; _builder_version=&#8221;4.16&#8243; _module_preset=&#8221;default&#8221; background_color=&#8221;#FFFFFF&#8221; background_enable_color=&#8221;on&#8221; custom_margin=&#8221;|5px||5px|false|true&#8221; custom_padding=&#8221;||||false|false&#8221; border_radii=&#8221;on|25px|25px|25px|25px&#8221; global_colors_info=&#8221;{}&#8221; background_color__hover=&#8221;#009ddc&#8221; background__hover_enabled=&#8221;on|hover&#8221; background_enable_color__hover=&#8221;on&#8221; icon_color__hover=&#8221;#ffffff&#8221; icon_color__hover_enabled=&#8221;on|hover&#8221; follow_button=&#8221;off&#8221; url_new_window=&#8221;on&#8221;]linkedin[\/et_pb_social_media_follow_network][\/et_pb_social_media_follow][\/et_pb_column][\/et_pb_row][\/et_pb_section]<\/p>\n","protected":false},"excerpt":{"rendered":"<p>Soporte T\u00e9cnicoAtenci\u00f3n especializada para tu empresas Nuestro equipo de profesionales te brindara un servicio personalizado.En AVSYS nos interesa ayudarte con un soporte t\u00e9cnico de calidad, para ello es necesario que al utilizar nuestro sistema, proporciones a detalle toda la informaci\u00f3n posible para poder resolver el problema. \u2022 Hosting \u2022 Servidor Privado Virtual \u2022 CorreoHorarios de [&hellip;]<\/p>\n","protected":false},"author":1,"featured_media":0,"parent":0,"menu_order":5,"comment_status":"closed","ping_status":"closed","template":"","meta":{"_et_pb_use_builder":"on","_et_pb_old_content":"<!-- wp:divi\/placeholder \/-->","_et_gb_content_width":"","footnotes":""},"class_list":["post-288","page","type-page","status-publish","hentry"],"yoast_head":"<!-- This site is optimized with the Yoast SEO plugin v27.5 - https:\/\/yoast.com\/product\/yoast-seo-wordpress\/ -->\n<title>Soporte - AVSYS de M\u00e9xico : Hosting WordPress con Divi : Correo Profesional IMAP<\/title>\n<meta name=\"robots\" content=\"noindex, follow, max-snippet:-1, max-image-preview:large, max-video-preview:-1\" \/>\n<meta property=\"og:locale\" content=\"es_MX\" \/>\n<meta property=\"og:type\" content=\"article\" \/>\n<meta property=\"og:title\" content=\"Soporte - AVSYS de M\u00e9xico : Hosting WordPress con Divi : Correo Profesional IMAP\" \/>\n<meta property=\"og:description\" content=\"Soporte T\u00e9cnicoAtenci\u00f3n especializada para tu empresas Nuestro equipo de profesionales te brindara un servicio personalizado.En AVSYS nos interesa ayudarte con un soporte t\u00e9cnico de calidad, para ello es necesario que al utilizar nuestro sistema, proporciones a detalle toda la informaci\u00f3n posible para poder resolver el problema. \u2022 Hosting \u2022 Servidor Privado Virtual \u2022 CorreoHorarios de [&hellip;]\" \/>\n<meta property=\"og:url\" content=\"https:\/\/clientes.avsys.com.mx\/avsyshost\/soporte\/\" \/>\n<meta property=\"og:site_name\" content=\"AVSYS de M\u00e9xico : Hosting WordPress con Divi : Correo Profesional IMAP\" \/>\n<meta property=\"article:modified_time\" content=\"2022-08-24T22:08:13+00:00\" \/>\n<meta name=\"twitter:card\" content=\"summary_large_image\" \/>\n<script type=\"application\/ld+json\" class=\"yoast-schema-graph\">{\"@context\":\"https:\\\/\\\/schema.org\",\"@graph\":[{\"@type\":\"WebPage\",\"@id\":\"https:\\\/\\\/clientes.avsys.com.mx\\\/avsyshost\\\/soporte\\\/\",\"url\":\"https:\\\/\\\/clientes.avsys.com.mx\\\/avsyshost\\\/soporte\\\/\",\"name\":\"Soporte - AVSYS de M\u00e9xico : Hosting WordPress con Divi : Correo Profesional IMAP\",\"isPartOf\":{\"@id\":\"https:\\\/\\\/clientes.avsys.com.mx\\\/avsyshost\\\/#website\"},\"datePublished\":\"2021-01-22T23:51:18+00:00\",\"dateModified\":\"2022-08-24T22:08:13+00:00\",\"breadcrumb\":{\"@id\":\"https:\\\/\\\/clientes.avsys.com.mx\\\/avsyshost\\\/soporte\\\/#breadcrumb\"},\"inLanguage\":\"es\",\"potentialAction\":[{\"@type\":\"ReadAction\",\"target\":[\"https:\\\/\\\/clientes.avsys.com.mx\\\/avsyshost\\\/soporte\\\/\"]}]},{\"@type\":\"BreadcrumbList\",\"@id\":\"https:\\\/\\\/clientes.avsys.com.mx\\\/avsyshost\\\/soporte\\\/#breadcrumb\",\"itemListElement\":[{\"@type\":\"ListItem\",\"position\":1,\"name\":\"Inicio\",\"item\":\"https:\\\/\\\/clientes.avsys.com.mx\\\/avsyshost\\\/\"},{\"@type\":\"ListItem\",\"position\":2,\"name\":\"Soporte\"}]},{\"@type\":\"WebSite\",\"@id\":\"https:\\\/\\\/clientes.avsys.com.mx\\\/avsyshost\\\/#website\",\"url\":\"https:\\\/\\\/clientes.avsys.com.mx\\\/avsyshost\\\/\",\"name\":\"AVSYS de M\u00e9xico : Hosting WordPress con Divi : Correo Profesional IMAP\",\"description\":\"Hosting WordPress con Divi en Espa\u00f1ol\",\"potentialAction\":[{\"@type\":\"SearchAction\",\"target\":{\"@type\":\"EntryPoint\",\"urlTemplate\":\"https:\\\/\\\/clientes.avsys.com.mx\\\/avsyshost\\\/?s={search_term_string}\"},\"query-input\":{\"@type\":\"PropertyValueSpecification\",\"valueRequired\":true,\"valueName\":\"search_term_string\"}}],\"inLanguage\":\"es\"}]}<\/script>\n<!-- \/ Yoast SEO plugin. -->","yoast_head_json":{"title":"Soporte - AVSYS de M\u00e9xico : Hosting WordPress con Divi : Correo Profesional IMAP","robots":{"index":"noindex","follow":"follow","max-snippet":"max-snippet:-1","max-image-preview":"max-image-preview:large","max-video-preview":"max-video-preview:-1"},"og_locale":"es_MX","og_type":"article","og_title":"Soporte - AVSYS de M\u00e9xico : Hosting WordPress con Divi : Correo Profesional IMAP","og_description":"Soporte T\u00e9cnicoAtenci\u00f3n especializada para tu empresas Nuestro equipo de profesionales te brindara un servicio personalizado.En AVSYS nos interesa ayudarte con un soporte t\u00e9cnico de calidad, para ello es necesario que al utilizar nuestro sistema, proporciones a detalle toda la informaci\u00f3n posible para poder resolver el problema. \u2022 Hosting \u2022 Servidor Privado Virtual \u2022 CorreoHorarios de [&hellip;]","og_url":"https:\/\/clientes.avsys.com.mx\/avsyshost\/soporte\/","og_site_name":"AVSYS de M\u00e9xico : Hosting WordPress con Divi : Correo Profesional IMAP","article_modified_time":"2022-08-24T22:08:13+00:00","twitter_card":"summary_large_image","schema":{"@context":"https:\/\/schema.org","@graph":[{"@type":"WebPage","@id":"https:\/\/clientes.avsys.com.mx\/avsyshost\/soporte\/","url":"https:\/\/clientes.avsys.com.mx\/avsyshost\/soporte\/","name":"Soporte - AVSYS de M\u00e9xico : Hosting WordPress con Divi : Correo Profesional IMAP","isPartOf":{"@id":"https:\/\/clientes.avsys.com.mx\/avsyshost\/#website"},"datePublished":"2021-01-22T23:51:18+00:00","dateModified":"2022-08-24T22:08:13+00:00","breadcrumb":{"@id":"https:\/\/clientes.avsys.com.mx\/avsyshost\/soporte\/#breadcrumb"},"inLanguage":"es","potentialAction":[{"@type":"ReadAction","target":["https:\/\/clientes.avsys.com.mx\/avsyshost\/soporte\/"]}]},{"@type":"BreadcrumbList","@id":"https:\/\/clientes.avsys.com.mx\/avsyshost\/soporte\/#breadcrumb","itemListElement":[{"@type":"ListItem","position":1,"name":"Inicio","item":"https:\/\/clientes.avsys.com.mx\/avsyshost\/"},{"@type":"ListItem","position":2,"name":"Soporte"}]},{"@type":"WebSite","@id":"https:\/\/clientes.avsys.com.mx\/avsyshost\/#website","url":"https:\/\/clientes.avsys.com.mx\/avsyshost\/","name":"AVSYS de M\u00e9xico : Hosting WordPress con Divi : Correo Profesional IMAP","description":"Hosting WordPress con Divi en Espa\u00f1ol","potentialAction":[{"@type":"SearchAction","target":{"@type":"EntryPoint","urlTemplate":"https:\/\/clientes.avsys.com.mx\/avsyshost\/?s={search_term_string}"},"query-input":{"@type":"PropertyValueSpecification","valueRequired":true,"valueName":"search_term_string"}}],"inLanguage":"es"}]}},"_links":{"self":[{"href":"https:\/\/clientes.avsys.com.mx\/avsyshost\/wp-json\/wp\/v2\/pages\/288","targetHints":{"allow":["GET"]}}],"collection":[{"href":"https:\/\/clientes.avsys.com.mx\/avsyshost\/wp-json\/wp\/v2\/pages"}],"about":[{"href":"https:\/\/clientes.avsys.com.mx\/avsyshost\/wp-json\/wp\/v2\/types\/page"}],"author":[{"embeddable":true,"href":"https:\/\/clientes.avsys.com.mx\/avsyshost\/wp-json\/wp\/v2\/users\/1"}],"replies":[{"embeddable":true,"href":"https:\/\/clientes.avsys.com.mx\/avsyshost\/wp-json\/wp\/v2\/comments?post=288"}],"version-history":[{"count":19,"href":"https:\/\/clientes.avsys.com.mx\/avsyshost\/wp-json\/wp\/v2\/pages\/288\/revisions"}],"predecessor-version":[{"id":1095,"href":"https:\/\/clientes.avsys.com.mx\/avsyshost\/wp-json\/wp\/v2\/pages\/288\/revisions\/1095"}],"wp:attachment":[{"href":"https:\/\/clientes.avsys.com.mx\/avsyshost\/wp-json\/wp\/v2\/media?parent=288"}],"curies":[{"name":"wp","href":"https:\/\/api.w.org\/{rel}","templated":true}]}}