{"id":286,"date":"2021-01-22T17:50:47","date_gmt":"2021-01-22T23:50:47","guid":{"rendered":"https:\/\/clientes.avsys.com.mx\/avsyshost\/?page_id=286"},"modified":"2025-02-10T13:50:50","modified_gmt":"2025-02-10T19:50:50","slug":"dominios","status":"publish","type":"page","link":"https:\/\/clientes.avsys.com.mx\/avsyshost\/dominios\/","title":{"rendered":"Dominios"},"content":{"rendered":"<p>[et_pb_section fb_built=&#8221;1&#8243; _builder_version=&#8221;4.16&#8243; _module_preset=&#8221;default&#8221; background_color=&#8221;#006e84&#8243; background_image=&#8221;https:\/\/clientes.avsys.com.mx\/avsyshost\/wp-content\/uploads\/2021\/02\/hosting-avsys-2.jpg&#8221; background_blend=&#8221;soft-light&#8221; global_colors_info=&#8221;{}&#8221;][et_pb_row _builder_version=&#8221;4.16&#8243; _module_preset=&#8221;default&#8221; custom_padding=&#8221;5px||5px||false|false&#8221; global_colors_info=&#8221;{}&#8221;][et_pb_column type=&#8221;4_4&#8243; _builder_version=&#8221;4.16&#8243; _module_preset=&#8221;default&#8221; global_colors_info=&#8221;{}&#8221;][et_pb_text _builder_version=&#8221;4.18.0&#8243; _module_preset=&#8221;default&#8221; header_font=&#8221;|700|||||||&#8221; header_text_align=&#8221;center&#8221; header_text_color=&#8221;#FFFFFF&#8221; custom_margin=&#8221;||3px|||&#8221; global_colors_info=&#8221;{}&#8221;]<\/p>\n<h1>Nombre de Dominio<\/h1>\n<p>[\/et_pb_text][et_pb_text _builder_version=&#8221;4.18.0&#8243; _module_preset=&#8221;default&#8221; header_2_text_align=&#8221;center&#8221; header_2_text_color=&#8221;#FFFFFF&#8221; header_2_font_size=&#8221;20px&#8221; header_2_line_height_tablet=&#8221;&#8221; header_2_line_height_phone=&#8221;1.4em&#8221; header_2_line_height_last_edited=&#8221;on|phone&#8221; global_colors_info=&#8221;{}&#8221;]<\/p>\n<h2>Inicia tu proyecto con un buen dominio.<\/h2>\n<p>[\/et_pb_text][\/et_pb_column][\/et_pb_row][\/et_pb_section][et_pb_section fb_built=&#8221;1&#8243; _builder_version=&#8221;4.16&#8243; _module_preset=&#8221;default&#8221; global_colors_info=&#8221;{}&#8221;][et_pb_row _builder_version=&#8221;4.16&#8243; _module_preset=&#8221;default&#8221; global_colors_info=&#8221;{}&#8221;][et_pb_column type=&#8221;4_4&#8243; _builder_version=&#8221;4.16&#8243; _module_preset=&#8221;default&#8221; global_colors_info=&#8221;{}&#8221;][et_pb_text _builder_version=&#8221;4.18.0&#8243; _module_preset=&#8221;default&#8221; header_font=&#8221;|700|||||||&#8221; header_text_align=&#8221;center&#8221; header_text_color=&#8221;#009ddd&#8221; header_2_font=&#8221;|700|||||||&#8221; header_2_text_align=&#8221;center&#8221; header_2_text_color=&#8221;#009ddd&#8221; header_2_font_size=&#8221;30px&#8221; custom_margin=&#8221;5px||5px||true|false&#8221; custom_padding=&#8221;0px||0px||true|false&#8221; header_line_height_tablet=&#8221;&#8221; header_line_height_phone=&#8221;1.2em&#8221; header_line_height_last_edited=&#8221;on|desktop&#8221; locked=&#8221;off&#8221; global_colors_info=&#8221;{}&#8221;]<\/p>\n<h2>Contrata el Nombre de Dominio para tu Empresa<\/h2>\n<p>[\/et_pb_text][et_pb_divider color=&#8221;#009ddd&#8221; divider_weight=&#8221;4px&#8221; _builder_version=&#8221;4.16&#8243; _module_preset=&#8221;default&#8221; width=&#8221;50px&#8221; module_alignment=&#8221;center&#8221; custom_margin=&#8221;15px||5px||false|false&#8221; custom_padding=&#8221;0px||0px||true|false&#8221; locked=&#8221;off&#8221; global_colors_info=&#8221;{}&#8221;][\/et_pb_divider][et_pb_text _builder_version=&#8221;4.18.0&#8243; _module_preset=&#8221;default&#8221; text_text_color=&#8221;#666666&#8243; text_font_size=&#8221;20px&#8221; header_2_text_align=&#8221;center&#8221; header_2_text_color=&#8221;#666666&#8243; header_2_font_size=&#8221;18px&#8221; header_2_line_height=&#8221;1.4em&#8221; text_orientation=&#8221;center&#8221; width=&#8221;80%&#8221; width_tablet=&#8221;&#8221; width_phone=&#8221;100%&#8221; width_last_edited=&#8221;on|phone&#8221; max_width=&#8221;80%&#8221; max_width_tablet=&#8221;&#8221; max_width_phone=&#8221;100%&#8221; max_width_last_edited=&#8221;on|phone&#8221; module_alignment=&#8221;center&#8221; custom_margin=&#8221;0px||0px||true|false&#8221; custom_padding=&#8221;0px||0px||true|false&#8221; locked=&#8221;off&#8221; global_colors_info=&#8221;{}&#8221;]<\/p>\n<p>Si quieres comenzar tu p\u00e1gina web, y no sabes c\u00f3mo iniciar\u2026 cont\u00e1ctanos y te ayudaremos a dar de alta el dominio de tu empresa, el servicio de DNS, hosting y correo. Para que tengas presencia en Internet.<\/p>\n<p>[\/et_pb_text][\/et_pb_column][\/et_pb_row][\/et_pb_section][et_pb_section fb_built=&#8221;1&#8243; specialty=&#8221;on&#8221; _builder_version=&#8221;4.18.0&#8243; _module_preset=&#8221;default&#8221; background_enable_color=&#8221;off&#8221; background_image=&#8221;https:\/\/clientes.avsys.com.mx\/avsyshost\/wp-content\/uploads\/2022\/08\/back-dominio-avsys-web.jpg&#8221; global_colors_info=&#8221;{}&#8221;][et_pb_column type=&#8221;1_3&#8243; _builder_version=&#8221;4.16&#8243; custom_padding=&#8221;|||&#8221; global_colors_info=&#8221;{}&#8221; custom_padding__hover=&#8221;|||&#8221;][dsm_lottie lottie_url=&#8221;https:\/\/clientes.avsys.com.mx\/avsyshost\/wp-content\/uploads\/2022\/08\/61177-domain.json&#8221; _builder_version=&#8221;4.23.4&#8243; _module_preset=&#8221;default&#8221; hover_enabled=&#8221;0&#8243; global_colors_info=&#8221;{}&#8221; sticky_enabled=&#8221;0&#8243;][\/dsm_lottie][\/et_pb_column][et_pb_column type=&#8221;2_3&#8243; specialty_columns=&#8221;2&#8243; _builder_version=&#8221;4.16&#8243; custom_padding=&#8221;|||&#8221; global_colors_info=&#8221;{}&#8221; custom_padding__hover=&#8221;|||&#8221;][et_pb_row_inner column_structure=&#8221;1_2,1_2&#8243; use_custom_gutter=&#8221;on&#8221; make_equal=&#8221;on&#8221; _builder_version=&#8221;4.18.0&#8243; _module_preset=&#8221;default&#8221; global_colors_info=&#8221;{}&#8221;][et_pb_column_inner type=&#8221;1_2&#8243; saved_specialty_column_type=&#8221;2_3&#8243; _builder_version=&#8221;4.18.0&#8243; _module_preset=&#8221;default&#8221; global_colors_info=&#8221;{}&#8221;][et_pb_blurb title=&#8221; Extensiones de Dominio &#8221; use_icon=&#8221;on&#8221; font_icon=&#8221;&#xf0ac;||fa||900&#8243; image_icon_width=&#8221;50px&#8221; _builder_version=&#8221;4.18.0&#8243; _module_preset=&#8221;default&#8221; header_text_align=&#8221;center&#8221; header_text_color=&#8221;#666666&#8243; header_font_size=&#8221;22px&#8221; body_text_align=&#8221;center&#8221; body_text_color=&#8221;#666666&#8243; body_font_size=&#8221;20px&#8221; global_colors_info=&#8221;{}&#8221;]<\/p>\n<p>Tenemos disponibles para tu empresa las extensiones de dominio m\u00e1s populares: .COM, .COM.MX, .MX, .ORG, .EDU, .EDU.MX<\/p>\n<p>[\/et_pb_blurb][et_pb_blurb title=&#8221;Asesor\u00eda Personalizada &#8221; use_icon=&#8221;on&#8221; font_icon=&#8221;&#xf0c0;||fa||900&#8243; image_icon_width=&#8221;50px&#8221; _builder_version=&#8221;4.18.0&#8243; _module_preset=&#8221;default&#8221; header_text_align=&#8221;center&#8221; header_text_color=&#8221;#666666&#8243; header_font_size=&#8221;22px&#8221; body_text_align=&#8221;center&#8221; body_text_color=&#8221;#666666&#8243; body_font_size=&#8221;20px&#8221; global_colors_info=&#8221;{}&#8221;]<\/p>\n<p>Si no est\u00e1s seguro de lo que necesitas, puedes llamarnos para que un profesional te ayude a resolver tus dudas y consultas.<\/p>\n<p>[\/et_pb_blurb][\/et_pb_column_inner][et_pb_column_inner type=&#8221;1_2&#8243; saved_specialty_column_type=&#8221;2_3&#8243; _builder_version=&#8221;4.18.0&#8243; _module_preset=&#8221;default&#8221; global_colors_info=&#8221;{}&#8221;][et_pb_blurb title=&#8221;Transfiere tu Dominio&#8221; use_icon=&#8221;on&#8221; font_icon=&#8221;&#xf074;||fa||900&#8243; image_icon_width=&#8221;50px&#8221; _builder_version=&#8221;4.18.0&#8243; _module_preset=&#8221;default&#8221; header_text_align=&#8221;center&#8221; header_text_color=&#8221;#666666&#8243; header_font_size=&#8221;22px&#8221; body_text_align=&#8221;center&#8221; body_text_color=&#8221;#666666&#8243; body_font_size=&#8221;20px&#8221; global_colors_info=&#8221;{}&#8221;]<\/p>\n<p>Nosotros nos encargamos de organizar en un s\u00f3lo pago anual, todos tus servicios: Nombre de Dominio, DNS y Hosting.<\/p>\n<\/p>\n<p>[\/et_pb_blurb][et_pb_blurb title=&#8221;Recupera tu Dominio &#8221; use_icon=&#8221;on&#8221; font_icon=&#8221;&#xf1cd;||fa||900&#8243; image_icon_width=&#8221;50px&#8221; _builder_version=&#8221;4.18.0&#8243; _module_preset=&#8221;default&#8221; header_text_align=&#8221;center&#8221; header_text_color=&#8221;#666666&#8243; header_font_size=&#8221;22px&#8221; body_text_align=&#8221;center&#8221; body_text_color=&#8221;#666666&#8243; body_font_size=&#8221;20px&#8221; global_colors_info=&#8221;{}&#8221;]<\/p>\n<p>Existen algunos proveedores que realizan pr\u00e1cticas desleales. AVSYS tiene la experiencia para ayudarte en el proceso de disputa contra ex-proveedor.<\/p>\n<p>[\/et_pb_blurb][\/et_pb_column_inner][\/et_pb_row_inner][\/et_pb_column][\/et_pb_section][et_pb_section fb_built=&#8221;1&#8243; prev_background_color=&#8221;#ffffff&#8221; _builder_version=&#8221;4.16&#8243; _module_preset=&#8221;default&#8221; background_enable_color=&#8221;off&#8221; use_background_color_gradient=&#8221;on&#8221; background_color_gradient_stops=&#8221;#2b87da 0%|#063b89 100%&#8221; background_color_gradient_end=&#8221;#063b89&#8243; background_image=&#8221;https:\/\/clientes.avsys.com.mx\/avsyshost\/wp-content\/uploads\/2021\/02\/cambiate-con-nosotros.jpg&#8221; background_blend=&#8221;multiply&#8221; custom_padding=&#8221;50px||0px||false|false&#8221; top_divider_style=&#8221;triangle&#8221; top_divider_height=&#8221;32px&#8221; top_divider_flip=&#8221;vertical&#8221; background_color_gradient_stops_tablet=&#8221;#2b87da 0%|#063b89 100%&#8221; background_color_gradient_stops_phone=&#8221;#2b87da 0%|#063b89 100%&#8221; locked=&#8221;off&#8221; global_colors_info=&#8221;{}&#8221;][et_pb_row column_structure=&#8221;1_3,2_3&#8243; _builder_version=&#8221;4.16&#8243; _module_preset=&#8221;default&#8221; background_enable_image=&#8221;off&#8221; background_size=&#8221;contain&#8221; background_position=&#8221;top_left&#8221; custom_padding=&#8221;0px||0px||false|false&#8221; global_colors_info=&#8221;{}&#8221;][et_pb_column type=&#8221;1_3&#8243; _builder_version=&#8221;4.16&#8243; _module_preset=&#8221;default&#8221; global_colors_info=&#8221;{}&#8221;][et_pb_image src=&#8221;https:\/\/clientes.avsys.com.mx\/avsyshost\/wp-content\/uploads\/2021\/02\/chito-02.png&#8221; title_text=&#8221;chito-02&#8243; align_tablet=&#8221;center&#8221; align_phone=&#8221;center&#8221; align_last_edited=&#8221;on|desktop&#8221; _builder_version=&#8221;4.16&#8243; _module_preset=&#8221;default&#8221; width=&#8221;80%&#8221; width_tablet=&#8221;35%&#8221; width_phone=&#8221;&#8221; width_last_edited=&#8221;on|tablet&#8221; global_colors_info=&#8221;{}&#8221;][\/et_pb_image][\/et_pb_column][et_pb_column type=&#8221;2_3&#8243; _builder_version=&#8221;4.16&#8243; _module_preset=&#8221;default&#8221; global_colors_info=&#8221;{}&#8221;][et_pb_text _builder_version=&#8221;4.18.0&#8243; _module_preset=&#8221;default&#8221; text_text_color=&#8221;#FFFFFF&#8221; text_font_size=&#8221;18px&#8221; header_2_text_color=&#8221;#FFFFFF&#8221; header_2_font_size=&#8221;30px&#8221; text_orientation=&#8221;right&#8221; text_orientation_tablet=&#8221;center&#8221; text_orientation_phone=&#8221;&#8221; text_orientation_last_edited=&#8221;on|phone&#8221; global_colors_info=&#8221;{}&#8221;]<\/p>\n<h2 class=\"lessmb\">Migra tu Nombre de Dominio con AVSYS<\/h2>\n<p>Si ya tienes tu dominio, te recomendamos transferir tu dominio con AVSYS, nosotros nos encargaremos de la administraci\u00f3n y renovaci\u00f3n puntual de tus nombres de dominio, no es obligatorio, pero lo sugerimos para evitar cualquier interrupci\u00f3n en el servicio.[\/et_pb_text][et_pb_button button_url=&#8221;@ET-DC@eyJkeW5hbWljIjp0cnVlLCJjb250ZW50IjoicG9zdF9saW5rX3VybF9wYWdlIiwic2V0dGluZ3MiOnsicG9zdF9pZCI6IjU2In19@&#8221; button_text=&#8221;Cont\u00e1ctanos&#8221; button_alignment=&#8221;right&#8221; button_alignment_tablet=&#8221;center&#8221; button_alignment_phone=&#8221;center&#8221; button_alignment_last_edited=&#8221;on|phone&#8221; _builder_version=&#8221;4.16&#8243; _dynamic_attributes=&#8221;button_url&#8221; _module_preset=&#8221;default&#8221; custom_margin=&#8221;||40px||false|false&#8221; custom_padding=&#8221;||||false|false&#8221; global_colors_info=&#8221;{}&#8221;][\/et_pb_button][\/et_pb_column][\/et_pb_row][\/et_pb_section][et_pb_section fb_built=&#8221;1&#8243; _builder_version=&#8221;4.16&#8243; _module_preset=&#8221;default&#8221; background_color=&#8221;#27282d&#8221; custom_padding=&#8221;50px||50px||true|false&#8221; global_module=&#8221;664&#8243; saved_tabs=&#8221;all&#8221; global_colors_info=&#8221;{}&#8221;][et_pb_row column_structure=&#8221;1_4,1_4,1_4,1_4&#8243; make_equal=&#8221;on&#8221; _builder_version=&#8221;4.16&#8243; _module_preset=&#8221;default&#8221; custom_margin=&#8221;0px||0px||true|false&#8221; custom_padding=&#8221;0px||0px||true|false&#8221; global_colors_info=&#8221;{}&#8221;][et_pb_column type=&#8221;1_4&#8243; _builder_version=&#8221;4.16&#8243; _module_preset=&#8221;default&#8221; global_colors_info=&#8221;{}&#8221;][et_pb_image src=&#8221;https:\/\/clientes.avsys.com.mx\/avsyshost\/wp-content\/uploads\/2021\/02\/logo-avsys-mexico-gdl-bco.png&#8221; alt=&#8221;AVSYS&#8221; title_text=&#8221;AVSYS&#8221; _builder_version=&#8221;4.16&#8243; _module_preset=&#8221;default&#8221; global_colors_info=&#8221;{}&#8221;][\/et_pb_image][et_pb_text _builder_version=&#8221;4.16&#8243; _module_preset=&#8221;default&#8221; text_text_color=&#8221;#8f9297&#8243; text_font_size=&#8221;15px&#8221; global_colors_info=&#8221;{}&#8221;]<\/p>\n<p>El prop\u00f3sito de AVSYS\u00a0 es ofrecer un hosting de calidad, usando la mejor tecnolog\u00eda disponible en el mercado, a precio justo.<\/p>\n<p>[\/et_pb_text][\/et_pb_column][et_pb_column type=&#8221;1_4&#8243; _builder_version=&#8221;4.16&#8243; _module_preset=&#8221;default&#8221; global_colors_info=&#8221;{}&#8221;][et_pb_text _builder_version=&#8221;4.16&#8243; _module_preset=&#8221;default&#8221; header_4_font=&#8221;|||on|||||&#8221; header_4_text_align=&#8221;left&#8221; header_4_text_color=&#8221;#FFFFFF&#8221; header_4_letter_spacing=&#8221;1px&#8221; custom_margin=&#8221;0px||0px||true|false&#8221; custom_padding=&#8221;0px||10px||false|false&#8221; global_colors_info=&#8221;{}&#8221;]<\/p>\n<h4>Ubicaci\u00f3n<\/h4>\n<p>[\/et_pb_text][et_pb_text module_class=&#8221;link-soporte&#8221; _builder_version=&#8221;4.18.0&#8243; _module_preset=&#8221;default&#8221; text_text_color=&#8221;#8f9297&#8243; text_font_size=&#8221;15px&#8221; global_colors_info=&#8221;{}&#8221;]<\/p>\n<p>Nebulosa 2916<br \/>Col. Jardines del Bosque<br \/>Guadalajara, Jalisco. M\u00e9xico<br \/>C.P. 44520<\/p>\n<p>Tel: 33-3496-5834<br \/>33-3330-9654<\/p>\n<p><a title=\"Contacto\" href=\"mailto:contacto@avsys.com.mx\">contacto@avsys.com.mx<\/a><\/p>\n<p>[\/et_pb_text][\/et_pb_column][et_pb_column type=&#8221;1_4&#8243; _builder_version=&#8221;4.16&#8243; _module_preset=&#8221;default&#8221; global_colors_info=&#8221;{}&#8221;][et_pb_text _builder_version=&#8221;4.16&#8243; _module_preset=&#8221;default&#8221; header_4_font=&#8221;|||on|||||&#8221; header_4_text_align=&#8221;left&#8221; header_4_text_color=&#8221;#FFFFFF&#8221; header_4_letter_spacing=&#8221;1px&#8221; custom_margin=&#8221;0px||0px||true|false&#8221; custom_padding=&#8221;0px||10px||false|false&#8221; global_colors_info=&#8221;{}&#8221;]<\/p>\n<h4>Soporte<\/h4>\n<p>[\/et_pb_text][et_pb_text module_class=&#8221;link-soporte&#8221; _builder_version=&#8221;4.16&#8243; _module_preset=&#8221;default&#8221; text_text_color=&#8221;#8f9297&#8243; text_font_size=&#8221;15px&#8221; background_layout=&#8221;dark&#8221; global_colors_info=&#8221;{}&#8221;]<\/p>\n<p><a href=\"https:\/\/clientes.avsys.com.mx\/avsyshost\/soporte\/preguntas-frecuentes\" title=\"Preguntas Frecuentes\">Preguntas Frecuentes<\/a><br \/> <a href=\"https:\/\/clientes.avsys.com.mx\/avsyshost\/soporte\/glosario\" title=\"Glosario de T\u00e9rminos\">Glosario de T\u00e9rminos<\/a><br \/> <a href=\"https:\/\/clientes.avsys.com.mx\/avsyshost\/soporte\" title=\"Ticket de Soporte\">Ticket de Soporte<\/a><\/p>\n<p>[\/et_pb_text][\/et_pb_column][et_pb_column type=&#8221;1_4&#8243; _builder_version=&#8221;4.16&#8243; _module_preset=&#8221;default&#8221; border_width_left=&#8221;1px&#8221; border_color_left=&#8221;#8f9297&#8243; border_width_left_tablet=&#8221;0px&#8221; border_width_left_phone=&#8221;&#8221; border_width_left_last_edited=&#8221;on|phone&#8221; global_colors_info=&#8221;{}&#8221;][et_pb_social_media_follow _builder_version=&#8221;4.16&#8243; _module_preset=&#8221;default&#8221; text_orientation=&#8221;center&#8221; global_colors_info=&#8221;{}&#8221;][et_pb_social_media_follow_network social_network=&#8221;facebook&#8221; url=&#8221;https:\/\/www.facebook.com\/avsysmexico&#8221; icon_color=&#8221;#27282d&#8221; use_icon_font_size=&#8221;on&#8221; icon_font_size=&#8221;23px&#8221; _builder_version=&#8221;4.16&#8243; _module_preset=&#8221;default&#8221; background_color=&#8221;#FFFFFF&#8221; background_enable_color=&#8221;on&#8221; custom_margin=&#8221;|5px||5px|false|true&#8221; custom_padding=&#8221;||||false|false&#8221; border_radii=&#8221;on|25px|25px|25px|25px&#8221; global_colors_info=&#8221;{}&#8221; icon_color__hover_enabled=&#8221;on|hover&#8221; icon_color__hover=&#8221;#ffffff&#8221; background__hover_enabled=&#8221;on|hover&#8221; background_color__hover=&#8221;#009ddc&#8221; background_enable_color__hover=&#8221;on&#8221; follow_button=&#8221;off&#8221; url_new_window=&#8221;on&#8221;]facebook[\/et_pb_social_media_follow_network][et_pb_social_media_follow_network social_network=&#8221;linkedin&#8221; icon_color=&#8221;#27282d&#8221; use_icon_font_size=&#8221;on&#8221; icon_font_size=&#8221;23px&#8221; _builder_version=&#8221;4.16&#8243; _module_preset=&#8221;default&#8221; background_color=&#8221;#FFFFFF&#8221; background_enable_color=&#8221;on&#8221; custom_margin=&#8221;|5px||5px|false|true&#8221; custom_padding=&#8221;||||false|false&#8221; border_radii=&#8221;on|25px|25px|25px|25px&#8221; global_colors_info=&#8221;{}&#8221; background_color__hover=&#8221;#009ddc&#8221; background__hover_enabled=&#8221;on|hover&#8221; background_enable_color__hover=&#8221;on&#8221; icon_color__hover=&#8221;#ffffff&#8221; icon_color__hover_enabled=&#8221;on|hover&#8221; follow_button=&#8221;off&#8221; url_new_window=&#8221;on&#8221;]linkedin[\/et_pb_social_media_follow_network][\/et_pb_social_media_follow][\/et_pb_column][\/et_pb_row][\/et_pb_section]<\/p>\n","protected":false},"excerpt":{"rendered":"<p>Nombre de DominioInicia tu proyecto con un buen dominio.Contrata el Nombre de Dominio para tu EmpresaSi quieres comenzar tu p\u00e1gina web, y no sabes c\u00f3mo iniciar\u2026 cont\u00e1ctanos y te ayudaremos a dar de alta el dominio de tu empresa, el servicio de DNS, hosting y correo. Para que tengas presencia en Internet.<div class=\"et_pb_module dsm_lottie dsm_lottie_0\">\n\t\t\t\t\n\t\t\t\t\n\t\t\t\t\n\t\t\t\t\n\t\t\t\t\n\t\t\t\t\n\t\t\t\t<div class=\"et_pb_module_inner\">\n\t\t\t\t\t<div class=\"dsm_lottie_wrapper\" data-percent-viewport=\"\" data-params={&quot;path&quot;:&quot;&amp;#8221;https:\\\/\\\/clientes.avsys.com.mx\\\/avsyshost\\\/wp-content\\\/uploads\\\/2022\\\/08\\\/61177-domain.json&amp;#8221;&quot;,&quot;loop&quot;:true,&quot;loop_no&quot;:&quot;&quot;,&quot;delay&quot;:&quot;0ms&quot;,&quot;direction&quot;:&quot;1&quot;,&quot;speed&quot;:&quot;1&quot;,&quot;hover&quot;:false,&quot;trigger&quot;:&quot;on_hover&quot;,&quot;scroll&quot;:&quot;on_hover&quot;,&quot;mouseout&quot;:&quot;no_action&quot;,&quot;viewport&quot;:&quot;80%&quot;}>\n\t\t\t<\/div>\n\t\t\t\t<\/div>\n\t\t\t<\/div><\/p>\n","protected":false},"author":1,"featured_media":0,"parent":0,"menu_order":4,"comment_status":"closed","ping_status":"closed","template":"","meta":{"_et_pb_use_builder":"on","_et_pb_old_content":"<!-- wp:divi\/placeholder \/-->","_et_gb_content_width":"","footnotes":""},"class_list":["post-286","page","type-page","status-publish","hentry"],"yoast_head":"<!-- This site is optimized with the Yoast SEO plugin v27.5 - https:\/\/yoast.com\/product\/yoast-seo-wordpress\/ -->\n<title>Dominios - AVSYS de M\u00e9xico : Hosting WordPress con Divi : Correo Profesional IMAP<\/title>\n<meta name=\"robots\" content=\"noindex, follow, max-snippet:-1, max-image-preview:large, max-video-preview:-1\" \/>\n<meta property=\"og:locale\" content=\"es_MX\" \/>\n<meta property=\"og:type\" content=\"article\" \/>\n<meta property=\"og:title\" content=\"Dominios - AVSYS de M\u00e9xico : Hosting WordPress con Divi : Correo Profesional IMAP\" \/>\n<meta property=\"og:description\" content=\"Nombre de DominioInicia tu proyecto con un buen dominio.Contrata el Nombre de Dominio para tu EmpresaSi quieres comenzar tu p\u00e1gina web, y no sabes c\u00f3mo iniciar\u2026 cont\u00e1ctanos y te ayudaremos a dar de alta el dominio de tu empresa, el servicio de DNS, hosting y correo. Para que tengas presencia en Internet.\" \/>\n<meta property=\"og:url\" content=\"https:\/\/clientes.avsys.com.mx\/avsyshost\/dominios\/\" \/>\n<meta property=\"og:site_name\" content=\"AVSYS de M\u00e9xico : Hosting WordPress con Divi : Correo Profesional IMAP\" \/>\n<meta property=\"article:modified_time\" content=\"2025-02-10T19:50:50+00:00\" \/>\n<meta name=\"twitter:card\" content=\"summary_large_image\" \/>\n<script type=\"application\/ld+json\" class=\"yoast-schema-graph\">{\"@context\":\"https:\\\/\\\/schema.org\",\"@graph\":[{\"@type\":\"WebPage\",\"@id\":\"https:\\\/\\\/clientes.avsys.com.mx\\\/avsyshost\\\/dominios\\\/\",\"url\":\"https:\\\/\\\/clientes.avsys.com.mx\\\/avsyshost\\\/dominios\\\/\",\"name\":\"Dominios - AVSYS de M\u00e9xico : Hosting WordPress con Divi : Correo Profesional IMAP\",\"isPartOf\":{\"@id\":\"https:\\\/\\\/clientes.avsys.com.mx\\\/avsyshost\\\/#website\"},\"datePublished\":\"2021-01-22T23:50:47+00:00\",\"dateModified\":\"2025-02-10T19:50:50+00:00\",\"breadcrumb\":{\"@id\":\"https:\\\/\\\/clientes.avsys.com.mx\\\/avsyshost\\\/dominios\\\/#breadcrumb\"},\"inLanguage\":\"es\",\"potentialAction\":[{\"@type\":\"ReadAction\",\"target\":[\"https:\\\/\\\/clientes.avsys.com.mx\\\/avsyshost\\\/dominios\\\/\"]}]},{\"@type\":\"BreadcrumbList\",\"@id\":\"https:\\\/\\\/clientes.avsys.com.mx\\\/avsyshost\\\/dominios\\\/#breadcrumb\",\"itemListElement\":[{\"@type\":\"ListItem\",\"position\":1,\"name\":\"Inicio\",\"item\":\"https:\\\/\\\/clientes.avsys.com.mx\\\/avsyshost\\\/\"},{\"@type\":\"ListItem\",\"position\":2,\"name\":\"Dominios\"}]},{\"@type\":\"WebSite\",\"@id\":\"https:\\\/\\\/clientes.avsys.com.mx\\\/avsyshost\\\/#website\",\"url\":\"https:\\\/\\\/clientes.avsys.com.mx\\\/avsyshost\\\/\",\"name\":\"AVSYS de M\u00e9xico : Hosting WordPress con Divi : Correo Profesional IMAP\",\"description\":\"Hosting WordPress con Divi en Espa\u00f1ol\",\"potentialAction\":[{\"@type\":\"SearchAction\",\"target\":{\"@type\":\"EntryPoint\",\"urlTemplate\":\"https:\\\/\\\/clientes.avsys.com.mx\\\/avsyshost\\\/?s={search_term_string}\"},\"query-input\":{\"@type\":\"PropertyValueSpecification\",\"valueRequired\":true,\"valueName\":\"search_term_string\"}}],\"inLanguage\":\"es\"}]}<\/script>\n<!-- \/ Yoast SEO plugin. -->","yoast_head_json":{"title":"Dominios - AVSYS de M\u00e9xico : Hosting WordPress con Divi : Correo Profesional IMAP","robots":{"index":"noindex","follow":"follow","max-snippet":"max-snippet:-1","max-image-preview":"max-image-preview:large","max-video-preview":"max-video-preview:-1"},"og_locale":"es_MX","og_type":"article","og_title":"Dominios - AVSYS de M\u00e9xico : Hosting WordPress con Divi : Correo Profesional IMAP","og_description":"Nombre de DominioInicia tu proyecto con un buen dominio.Contrata el Nombre de Dominio para tu EmpresaSi quieres comenzar tu p\u00e1gina web, y no sabes c\u00f3mo iniciar\u2026 cont\u00e1ctanos y te ayudaremos a dar de alta el dominio de tu empresa, el servicio de DNS, hosting y correo. Para que tengas presencia en Internet.","og_url":"https:\/\/clientes.avsys.com.mx\/avsyshost\/dominios\/","og_site_name":"AVSYS de M\u00e9xico : Hosting WordPress con Divi : Correo Profesional IMAP","article_modified_time":"2025-02-10T19:50:50+00:00","twitter_card":"summary_large_image","schema":{"@context":"https:\/\/schema.org","@graph":[{"@type":"WebPage","@id":"https:\/\/clientes.avsys.com.mx\/avsyshost\/dominios\/","url":"https:\/\/clientes.avsys.com.mx\/avsyshost\/dominios\/","name":"Dominios - AVSYS de M\u00e9xico : Hosting WordPress con Divi : Correo Profesional IMAP","isPartOf":{"@id":"https:\/\/clientes.avsys.com.mx\/avsyshost\/#website"},"datePublished":"2021-01-22T23:50:47+00:00","dateModified":"2025-02-10T19:50:50+00:00","breadcrumb":{"@id":"https:\/\/clientes.avsys.com.mx\/avsyshost\/dominios\/#breadcrumb"},"inLanguage":"es","potentialAction":[{"@type":"ReadAction","target":["https:\/\/clientes.avsys.com.mx\/avsyshost\/dominios\/"]}]},{"@type":"BreadcrumbList","@id":"https:\/\/clientes.avsys.com.mx\/avsyshost\/dominios\/#breadcrumb","itemListElement":[{"@type":"ListItem","position":1,"name":"Inicio","item":"https:\/\/clientes.avsys.com.mx\/avsyshost\/"},{"@type":"ListItem","position":2,"name":"Dominios"}]},{"@type":"WebSite","@id":"https:\/\/clientes.avsys.com.mx\/avsyshost\/#website","url":"https:\/\/clientes.avsys.com.mx\/avsyshost\/","name":"AVSYS de M\u00e9xico : Hosting WordPress con Divi : Correo Profesional IMAP","description":"Hosting WordPress con Divi en Espa\u00f1ol","potentialAction":[{"@type":"SearchAction","target":{"@type":"EntryPoint","urlTemplate":"https:\/\/clientes.avsys.com.mx\/avsyshost\/?s={search_term_string}"},"query-input":{"@type":"PropertyValueSpecification","valueRequired":true,"valueName":"search_term_string"}}],"inLanguage":"es"}]}},"_links":{"self":[{"href":"https:\/\/clientes.avsys.com.mx\/avsyshost\/wp-json\/wp\/v2\/pages\/286","targetHints":{"allow":["GET"]}}],"collection":[{"href":"https:\/\/clientes.avsys.com.mx\/avsyshost\/wp-json\/wp\/v2\/pages"}],"about":[{"href":"https:\/\/clientes.avsys.com.mx\/avsyshost\/wp-json\/wp\/v2\/types\/page"}],"author":[{"embeddable":true,"href":"https:\/\/clientes.avsys.com.mx\/avsyshost\/wp-json\/wp\/v2\/users\/1"}],"replies":[{"embeddable":true,"href":"https:\/\/clientes.avsys.com.mx\/avsyshost\/wp-json\/wp\/v2\/comments?post=286"}],"version-history":[{"count":5,"href":"https:\/\/clientes.avsys.com.mx\/avsyshost\/wp-json\/wp\/v2\/pages\/286\/revisions"}],"predecessor-version":[{"id":1272,"href":"https:\/\/clientes.avsys.com.mx\/avsyshost\/wp-json\/wp\/v2\/pages\/286\/revisions\/1272"}],"wp:attachment":[{"href":"https:\/\/clientes.avsys.com.mx\/avsyshost\/wp-json\/wp\/v2\/media?parent=286"}],"curies":[{"name":"wp","href":"https:\/\/api.w.org\/{rel}","templated":true}]}}